{"id":3476,"date":"2024-05-20T15:26:38","date_gmt":"2024-05-20T15:26:38","guid":{"rendered":"https:\/\/joules.com.co\/?page_id=3476"},"modified":"2024-09-05T17:22:24","modified_gmt":"2024-09-05T17:22:24","slug":"sgi","status":"publish","type":"page","link":"https:\/\/joules.com.co\/index.php\/sgi\/","title":{"rendered":"Sistema de Gesti\u00f3n Integrado"},"content":{"rendered":"<p><div class=\"fusion-fullwidth fullwidth-box fusion-builder-row-1 fusion-flex-container has-pattern-background has-mask-background nonhundred-percent-fullwidth non-hundred-percent-height-scrolling\" style=\"--awb-border-radius-top-left:0px;--awb-border-radius-top-right:0px;--awb-border-radius-bottom-right:0px;--awb-border-radius-bottom-left:0px;--awb-margin-top:60px;--awb-flex-wrap:wrap;\" ><div class=\"fusion-builder-row fusion-row fusion-flex-align-items-flex-start fusion-flex-content-wrap\" style=\"max-width:1372.8px;margin-left: calc(-4% \/ 2 );margin-right: calc(-4% \/ 2 );\"><div class=\"fusion-layout-column fusion_builder_column fusion-builder-column-0 fusion_builder_column_1_3 1_3 fusion-flex-column\" style=\"--awb-bg-size:cover;--awb-transform:translateX(0px);--awb-transform-hover:translateX(15px);--awb-width-large:33.333333333333%;--awb-margin-top-large:0px;--awb-spacing-right-large:5.76%;--awb-margin-bottom-large:0px;--awb-spacing-left-large:5.76%;--awb-width-medium:33.333333333333%;--awb-order-medium:0;--awb-spacing-right-medium:5.76%;--awb-spacing-left-medium:5.76%;--awb-width-small:100%;--awb-order-small:2;--awb-spacing-right-small:1.92%;--awb-spacing-left-small:1.92%;\" data-scroll-devices=\"small-visibility,medium-visibility,large-visibility\"><div class=\"fusion-column-wrapper fusion-column-has-shadow fusion-flex-justify-content-flex-start fusion-content-layout-column\"><div class=\"fusion-image-element \" style=\"--awb-aspect-ratio: 100 \/ 90;--awb-object-position:52% 22%;--awb-caption-title-color:hsla(var(--awb-color1-h),var(--awb-color1-s),var(--awb-color1-l),calc(var(--awb-color1-a) - 100%));--awb-caption-overlay-color:hsla(var(--awb-color1-h),var(--awb-color1-s),calc(var(--awb-color1-l) - 100%),calc(var(--awb-color1-a) - 50%));--awb-caption-title-font-family:var(--h2_typography-font-family);--awb-caption-title-font-weight:var(--h2_typography-font-weight);--awb-caption-title-font-style:var(--h2_typography-font-style);--awb-caption-title-size:var(--h2_typography-font-size);--awb-caption-title-transform:var(--h2_typography-text-transform);--awb-caption-title-line-height:var(--h2_typography-line-height);--awb-caption-title-letter-spacing:var(--h2_typography-letter-spacing);\"><span class=\" fusion-imageframe imageframe-none imageframe-1 hover-type-none has-aspect-ratio\" style=\"border-radius:0px 0px 50px 0px;\"><img decoding=\"async\" width=\"1280\" height=\"720\" title=\"JOULES sistema de gestion integrado\" src=\"https:\/\/joules.com.co\/wp-content\/uploads\/2024\/05\/JOULES-sistema-de-gestion-integrado.jpg\" data-orig-src=\"https:\/\/joules.com.co\/wp-content\/uploads\/2024\/05\/JOULES-sistema-de-gestion-integrado.jpg\" class=\"lazyload img-responsive wp-image-3527 img-with-aspect-ratio\" alt srcset=\"data:image\/svg+xml,%3Csvg%20xmlns%3D%27http%3A%2F%2Fwww.w3.org%2F2000%2Fsvg%27%20width%3D%271280%27%20height%3D%27720%27%20viewBox%3D%270%200%201280%20720%27%3E%3Crect%20width%3D%271280%27%20height%3D%27720%27%20fill-opacity%3D%220%22%2F%3E%3C%2Fsvg%3E\" data-srcset=\"https:\/\/joules.com.co\/wp-content\/uploads\/2024\/05\/JOULES-sistema-de-gestion-integrado-200x113.jpg 200w, https:\/\/joules.com.co\/wp-content\/uploads\/2024\/05\/JOULES-sistema-de-gestion-integrado-400x225.jpg 400w, https:\/\/joules.com.co\/wp-content\/uploads\/2024\/05\/JOULES-sistema-de-gestion-integrado-600x338.jpg 600w, https:\/\/joules.com.co\/wp-content\/uploads\/2024\/05\/JOULES-sistema-de-gestion-integrado-800x450.jpg 800w, https:\/\/joules.com.co\/wp-content\/uploads\/2024\/05\/JOULES-sistema-de-gestion-integrado-1200x675.jpg 1200w, https:\/\/joules.com.co\/wp-content\/uploads\/2024\/05\/JOULES-sistema-de-gestion-integrado.jpg 1280w\" data-sizes=\"auto\" data-orig-sizes=\"(max-width: 850px) 100vw, 400px\" \/><\/span><\/div><\/div><\/div><div class=\"fusion-layout-column fusion_builder_column fusion-builder-column-1 fusion_builder_column_2_3 2_3 fusion-flex-column\" style=\"--awb-padding-left:50px;--awb-padding-right-small:0px;--awb-padding-left-small:0px;--awb-bg-size:cover;--awb-width-large:66.666666666667%;--awb-margin-top-large:0px;--awb-spacing-right-large:2.88%;--awb-margin-bottom-large:0px;--awb-spacing-left-large:2.88%;--awb-width-medium:66.666666666667%;--awb-order-medium:0;--awb-spacing-right-medium:2.88%;--awb-spacing-left-medium:2.88%;--awb-width-small:100%;--awb-order-small:1;--awb-spacing-right-small:1.92%;--awb-margin-bottom-small:60px;--awb-spacing-left-small:1.92%;\" data-scroll-devices=\"small-visibility,medium-visibility,large-visibility\"><div class=\"fusion-column-wrapper fusion-column-has-shadow fusion-flex-justify-content-flex-start fusion-content-layout-column\"><div class=\"fusion-title title fusion-title-1 fusion-sep-none fusion-title-text fusion-title-size-two\" style=\"--awb-margin-top:20px;\"><h2 class=\"fusion-title-heading title-heading-left\" style=\"margin:0;\">Sistema de Gesti\u00f3n Integrado<\/h2><\/div><div class=\"fusion-separator\" style=\"align-self: flex-start;margin-right:auto;width:100%;max-width:282px;\"><div class=\"fusion-separator-border sep-single sep-dotted\" style=\"--awb-height:20px;--awb-amount:20px;--awb-sep-color:var(--awb-color4);border-color:var(--awb-color4);border-top-width:1px;\"><\/div><\/div><div class=\"fusion-text fusion-text-1\"><p>El alcance de nuestro Sistema de gesti\u00f3n integral ha determinado es la prestaci\u00f3n de \u201cSERVICIOS DE CONSTRUCCI\u00d3N Y MANTENIMIENTO DE OBRAS MEC\u00c1NICAS, EL\u00c9CTRICAS, INSTRUMENTACI\u00d3N Y CONTROL, TENDIDO DE L\u00cdNEAS DE FLUJO, REDES DE MEDIA TENSI\u00d3N, SUBESTACIONES EL\u00c9CTRICAS, PROTECCI\u00d3N GEOT\u00c9CNICA, V\u00cdAS, EXPLANACIONES, LOCACIONES Y ESTRUCTURAS EN CONCRETO\u201d aplicable para todas las actividades econ\u00f3micas de la organizaci\u00f3n en el territorio nacional, a trav\u00e9s de los clientes con los que se desarrolle un v\u00ednculo comercial<\/p>\n<\/div><\/div><\/div><\/div><\/div><div class=\"fusion-fullwidth fullwidth-box fusion-builder-row-2 fusion-flex-container has-pattern-background has-mask-background nonhundred-percent-fullwidth non-hundred-percent-height-scrolling\" style=\"--awb-border-radius-top-left:0px;--awb-border-radius-top-right:0px;--awb-border-radius-bottom-right:0px;--awb-border-radius-bottom-left:0px;--awb-margin-top:30px;--awb-flex-wrap:wrap;\" ><div class=\"fusion-builder-row fusion-row fusion-flex-align-items-flex-start fusion-flex-content-wrap\" style=\"max-width:1372.8px;margin-left: calc(-4% \/ 2 );margin-right: calc(-4% \/ 2 );\"><div class=\"fusion-layout-column fusion_builder_column fusion-builder-column-2 fusion_builder_column_1_1 1_1 fusion-flex-column\" style=\"--awb-bg-size:cover;--awb-width-large:100%;--awb-margin-top-large:0px;--awb-spacing-right-large:1.92%;--awb-margin-bottom-large:20px;--awb-spacing-left-large:1.92%;--awb-width-medium:100%;--awb-order-medium:0;--awb-spacing-right-medium:1.92%;--awb-spacing-left-medium:1.92%;--awb-width-small:100%;--awb-order-small:0;--awb-spacing-right-small:1.92%;--awb-spacing-left-small:1.92%;\"><div class=\"fusion-column-wrapper fusion-column-has-shadow fusion-flex-justify-content-flex-start fusion-content-layout-column\"><div class=\"fusion-title title fusion-title-2 fusion-sep-none fusion-title-center fusion-title-text fusion-title-size-three\"><h3 class=\"fusion-title-heading title-heading-center\" style=\"margin:0;\">Nuestras Certificaciones<\/h3><\/div><\/div><\/div><div class=\"fusion-layout-column fusion_builder_column fusion-builder-column-3 fusion_builder_column_1_2 1_2 fusion-flex-column\" style=\"--awb-bg-size:cover;--awb-width-large:50%;--awb-margin-top-large:0px;--awb-spacing-right-large:3.84%;--awb-margin-bottom-large:50px;--awb-spacing-left-large:3.84%;--awb-width-medium:50%;--awb-order-medium:0;--awb-spacing-right-medium:3.84%;--awb-spacing-left-medium:3.84%;--awb-width-small:100%;--awb-order-small:0;--awb-spacing-right-small:1.92%;--awb-spacing-left-small:1.92%;\" data-scroll-devices=\"small-visibility,medium-visibility,large-visibility\"><div class=\"fusion-column-wrapper fusion-column-has-shadow fusion-flex-justify-content-flex-start fusion-content-layout-column\"><div class=\"fusion-title title fusion-title-3 sep-underline sep-dotted fusion-title-center fusion-title-text fusion-title-size-four\" style=\"--awb-text-color:var(--awb-color5);--awb-sep-color:var(--awb-color5);--awb-font-size:24px;\"><h4 class=\"fusion-title-heading title-heading-center\" style=\"margin:0;font-size:1em;\"><p>NTC ISO 9001:2015<br \/>\nN\u00famero: ECCO-0409\/18<\/p><\/h4><\/div><div class=\"fusion-image-element \" style=\"text-align:center;--awb-max-width:100%;--awb-caption-title-font-family:var(--h2_typography-font-family);--awb-caption-title-font-weight:var(--h2_typography-font-weight);--awb-caption-title-font-style:var(--h2_typography-font-style);--awb-caption-title-size:var(--h2_typography-font-size);--awb-caption-title-transform:var(--h2_typography-text-transform);--awb-caption-title-line-height:var(--h2_typography-line-height);--awb-caption-title-letter-spacing:var(--h2_typography-letter-spacing);\"><span class=\" fusion-imageframe imageframe-none imageframe-2 hover-type-none\"><a href=\"https:\/\/joules.com.co\/wp-content\/uploads\/2024\/09\/ISO-9001-ECCO-0409.jpg\" class=\"fusion-lightbox\" data-rel=\"iLightbox[d3a3e0403b735cf4647]\" data-title=\"ISO 9001 ECCO-0409\" title=\"ISO 9001 ECCO-0409\"><img decoding=\"async\" width=\"675\" height=\"867\" src=\"https:\/\/joules.com.co\/wp-content\/uploads\/2024\/09\/ISO-9001-ECCO-0409.jpg\" data-orig-src=\"https:\/\/joules.com.co\/wp-content\/uploads\/2024\/09\/ISO-9001-ECCO-0409.jpg\" alt class=\"lazyload img-responsive wp-image-3642\" srcset=\"data:image\/svg+xml,%3Csvg%20xmlns%3D%27http%3A%2F%2Fwww.w3.org%2F2000%2Fsvg%27%20width%3D%27675%27%20height%3D%27867%27%20viewBox%3D%270%200%20675%20867%27%3E%3Crect%20width%3D%27675%27%20height%3D%27867%27%20fill-opacity%3D%220%22%2F%3E%3C%2Fsvg%3E\" data-srcset=\"https:\/\/joules.com.co\/wp-content\/uploads\/2024\/09\/ISO-9001-ECCO-0409-200x257.jpg 200w, https:\/\/joules.com.co\/wp-content\/uploads\/2024\/09\/ISO-9001-ECCO-0409-400x514.jpg 400w, https:\/\/joules.com.co\/wp-content\/uploads\/2024\/09\/ISO-9001-ECCO-0409-600x771.jpg 600w, https:\/\/joules.com.co\/wp-content\/uploads\/2024\/09\/ISO-9001-ECCO-0409.jpg 675w\" data-sizes=\"auto\" data-orig-sizes=\"(max-width: 850px) 100vw, 675px\" \/><\/a><\/span><\/div><\/div><\/div><div class=\"fusion-layout-column fusion_builder_column fusion-builder-column-4 fusion_builder_column_1_2 1_2 fusion-flex-column\" style=\"--awb-bg-size:cover;--awb-width-large:50%;--awb-margin-top-large:0px;--awb-spacing-right-large:3.84%;--awb-margin-bottom-large:50px;--awb-spacing-left-large:3.84%;--awb-width-medium:50%;--awb-order-medium:0;--awb-spacing-right-medium:3.84%;--awb-spacing-left-medium:3.84%;--awb-width-small:100%;--awb-order-small:0;--awb-spacing-right-small:1.92%;--awb-spacing-left-small:1.92%;\" data-scroll-devices=\"small-visibility,medium-visibility,large-visibility\"><div class=\"fusion-column-wrapper fusion-column-has-shadow fusion-flex-justify-content-flex-start fusion-content-layout-column\"><div class=\"fusion-title title fusion-title-4 sep-underline sep-dotted fusion-title-center fusion-title-text fusion-title-size-four\" style=\"--awb-text-color:var(--awb-color5);--awb-sep-color:var(--awb-color5);--awb-font-size:24px;\"><h4 class=\"fusion-title-heading title-heading-center\" style=\"margin:0;font-size:1em;\"><p>NTC ISO 14001:2015<br \/>\nN\u00famero: ECCO-0164\/18-MA<\/p><\/h4><\/div><div class=\"fusion-image-element \" style=\"text-align:center;--awb-max-width:100%;--awb-caption-title-font-family:var(--h2_typography-font-family);--awb-caption-title-font-weight:var(--h2_typography-font-weight);--awb-caption-title-font-style:var(--h2_typography-font-style);--awb-caption-title-size:var(--h2_typography-font-size);--awb-caption-title-transform:var(--h2_typography-text-transform);--awb-caption-title-line-height:var(--h2_typography-line-height);--awb-caption-title-letter-spacing:var(--h2_typography-letter-spacing);\"><span class=\" fusion-imageframe imageframe-none imageframe-3 hover-type-none\"><a href=\"https:\/\/joules.com.co\/wp-content\/uploads\/2024\/09\/ISO-14001-ECCO-0164.jpg\" class=\"fusion-lightbox\" data-rel=\"iLightbox[617e8535e490c0d42df]\" data-title=\"ISO 14001 ECCO-0164\" title=\"ISO 14001 ECCO-0164\"><img decoding=\"async\" width=\"672\" height=\"863\" src=\"https:\/\/joules.com.co\/wp-content\/uploads\/2024\/09\/ISO-14001-ECCO-0164.jpg\" data-orig-src=\"https:\/\/joules.com.co\/wp-content\/uploads\/2024\/09\/ISO-14001-ECCO-0164.jpg\" alt class=\"lazyload img-responsive wp-image-3640\" srcset=\"data:image\/svg+xml,%3Csvg%20xmlns%3D%27http%3A%2F%2Fwww.w3.org%2F2000%2Fsvg%27%20width%3D%27672%27%20height%3D%27863%27%20viewBox%3D%270%200%20672%20863%27%3E%3Crect%20width%3D%27672%27%20height%3D%27863%27%20fill-opacity%3D%220%22%2F%3E%3C%2Fsvg%3E\" data-srcset=\"https:\/\/joules.com.co\/wp-content\/uploads\/2024\/09\/ISO-14001-ECCO-0164-200x257.jpg 200w, https:\/\/joules.com.co\/wp-content\/uploads\/2024\/09\/ISO-14001-ECCO-0164-400x514.jpg 400w, https:\/\/joules.com.co\/wp-content\/uploads\/2024\/09\/ISO-14001-ECCO-0164-600x771.jpg 600w, https:\/\/joules.com.co\/wp-content\/uploads\/2024\/09\/ISO-14001-ECCO-0164.jpg 672w\" data-sizes=\"auto\" data-orig-sizes=\"(max-width: 850px) 100vw, 672px\" \/><\/a><\/span><\/div><\/div><\/div><div class=\"fusion-layout-column fusion_builder_column fusion-builder-column-5 fusion_builder_column_1_2 1_2 fusion-flex-column\" style=\"--awb-bg-size:cover;--awb-width-large:50%;--awb-margin-top-large:0px;--awb-spacing-right-large:3.84%;--awb-margin-bottom-large:20px;--awb-spacing-left-large:3.84%;--awb-width-medium:50%;--awb-order-medium:0;--awb-spacing-right-medium:3.84%;--awb-spacing-left-medium:3.84%;--awb-width-small:100%;--awb-order-small:0;--awb-spacing-right-small:1.92%;--awb-spacing-left-small:1.92%;\"><div class=\"fusion-column-wrapper fusion-column-has-shadow fusion-flex-justify-content-flex-start fusion-content-layout-column\"><div class=\"fusion-title title fusion-title-5 sep-underline sep-dotted fusion-title-center fusion-title-text fusion-title-size-four\" style=\"--awb-text-color:var(--awb-color5);--awb-sep-color:var(--awb-color5);--awb-font-size:24px;\"><h4 class=\"fusion-title-heading title-heading-center\" style=\"margin:0;font-size:1em;\"><p>NTC ISO 45001:2018<br \/>\nN\u00famero: ECCO-0191\/18-SST<\/p><\/h4><\/div><div class=\"fusion-image-element \" style=\"text-align:center;--awb-max-width:100%;--awb-caption-title-font-family:var(--h2_typography-font-family);--awb-caption-title-font-weight:var(--h2_typography-font-weight);--awb-caption-title-font-style:var(--h2_typography-font-style);--awb-caption-title-size:var(--h2_typography-font-size);--awb-caption-title-transform:var(--h2_typography-text-transform);--awb-caption-title-line-height:var(--h2_typography-line-height);--awb-caption-title-letter-spacing:var(--h2_typography-letter-spacing);\"><span class=\" fusion-imageframe imageframe-none imageframe-4 hover-type-none\"><a href=\"https:\/\/joules.com.co\/wp-content\/uploads\/2024\/09\/ISO-45000-ECCO-0191.jpg\" class=\"fusion-lightbox\" data-rel=\"iLightbox[10c1743b79ab3ff866f]\" data-title=\"ISO 45000 ECCO-0191\" title=\"ISO 45000 ECCO-0191\"><img decoding=\"async\" width=\"672\" height=\"866\" src=\"https:\/\/joules.com.co\/wp-content\/uploads\/2024\/09\/ISO-45000-ECCO-0191.jpg\" data-orig-src=\"https:\/\/joules.com.co\/wp-content\/uploads\/2024\/09\/ISO-45000-ECCO-0191.jpg\" alt class=\"lazyload img-responsive wp-image-3638\" srcset=\"data:image\/svg+xml,%3Csvg%20xmlns%3D%27http%3A%2F%2Fwww.w3.org%2F2000%2Fsvg%27%20width%3D%27672%27%20height%3D%27866%27%20viewBox%3D%270%200%20672%20866%27%3E%3Crect%20width%3D%27672%27%20height%3D%27866%27%20fill-opacity%3D%220%22%2F%3E%3C%2Fsvg%3E\" data-srcset=\"https:\/\/joules.com.co\/wp-content\/uploads\/2024\/09\/ISO-45000-ECCO-0191-200x258.jpg 200w, https:\/\/joules.com.co\/wp-content\/uploads\/2024\/09\/ISO-45000-ECCO-0191-400x515.jpg 400w, https:\/\/joules.com.co\/wp-content\/uploads\/2024\/09\/ISO-45000-ECCO-0191-600x773.jpg 600w, https:\/\/joules.com.co\/wp-content\/uploads\/2024\/09\/ISO-45000-ECCO-0191.jpg 672w\" data-sizes=\"auto\" data-orig-sizes=\"(max-width: 850px) 100vw, 672px\" \/><\/a><\/span><\/div><\/div><\/div><div class=\"fusion-layout-column fusion_builder_column fusion-builder-column-6 fusion_builder_column_1_2 1_2 fusion-flex-column\" style=\"--awb-bg-size:cover;--awb-width-large:50%;--awb-margin-top-large:0px;--awb-spacing-right-large:3.84%;--awb-margin-bottom-large:20px;--awb-spacing-left-large:3.84%;--awb-width-medium:50%;--awb-order-medium:0;--awb-spacing-right-medium:3.84%;--awb-spacing-left-medium:3.84%;--awb-width-small:100%;--awb-order-small:0;--awb-spacing-right-small:1.92%;--awb-spacing-left-small:1.92%;\"><div class=\"fusion-column-wrapper fusion-column-has-shadow fusion-flex-justify-content-flex-start fusion-content-layout-column\"><div class=\"fusion-title title fusion-title-6 sep-underline sep-dotted fusion-title-center fusion-title-text fusion-title-size-four\" style=\"--awb-text-color:var(--awb-color5);--awb-sep-color:var(--awb-color5);--awb-font-size:24px;\"><h4 class=\"fusion-title-heading title-heading-center\" style=\"margin:0;font-size:1em;\"><p>Norsok NORSOK S-WA 006:2020<br \/>\nN\u00famero: ECCO-0044\/18-NSK<\/p><\/h4><\/div><div class=\"fusion-image-element \" style=\"text-align:center;--awb-max-width:100%;--awb-caption-title-font-family:var(--h2_typography-font-family);--awb-caption-title-font-weight:var(--h2_typography-font-weight);--awb-caption-title-font-style:var(--h2_typography-font-style);--awb-caption-title-size:var(--h2_typography-font-size);--awb-caption-title-transform:var(--h2_typography-text-transform);--awb-caption-title-line-height:var(--h2_typography-line-height);--awb-caption-title-letter-spacing:var(--h2_typography-letter-spacing);\"><span class=\" fusion-imageframe imageframe-none imageframe-5 hover-type-none\"><a href=\"https:\/\/joules.com.co\/wp-content\/uploads\/2024\/09\/Norsok-ECCO-0044.jpg\" class=\"fusion-lightbox\" data-rel=\"iLightbox[6fe759e79d1e9d7b986]\" data-title=\"Norsok ECCO-0044\" title=\"Norsok ECCO-0044\"><img decoding=\"async\" width=\"668\" height=\"863\" src=\"https:\/\/joules.com.co\/wp-content\/uploads\/2024\/09\/Norsok-ECCO-0044.jpg\" data-orig-src=\"https:\/\/joules.com.co\/wp-content\/uploads\/2024\/09\/Norsok-ECCO-0044.jpg\" alt class=\"lazyload img-responsive wp-image-3637\" srcset=\"data:image\/svg+xml,%3Csvg%20xmlns%3D%27http%3A%2F%2Fwww.w3.org%2F2000%2Fsvg%27%20width%3D%27668%27%20height%3D%27863%27%20viewBox%3D%270%200%20668%20863%27%3E%3Crect%20width%3D%27668%27%20height%3D%27863%27%20fill-opacity%3D%220%22%2F%3E%3C%2Fsvg%3E\" data-srcset=\"https:\/\/joules.com.co\/wp-content\/uploads\/2024\/09\/Norsok-ECCO-0044-200x258.jpg 200w, https:\/\/joules.com.co\/wp-content\/uploads\/2024\/09\/Norsok-ECCO-0044-400x517.jpg 400w, https:\/\/joules.com.co\/wp-content\/uploads\/2024\/09\/Norsok-ECCO-0044-600x775.jpg 600w, https:\/\/joules.com.co\/wp-content\/uploads\/2024\/09\/Norsok-ECCO-0044.jpg 668w\" data-sizes=\"auto\" data-orig-sizes=\"(max-width: 850px) 100vw, 668px\" \/><\/a><\/span><\/div><\/div><\/div><\/div><\/div><\/p>\n","protected":false},"excerpt":{"rendered":"","protected":false},"author":1,"featured_media":0,"parent":0,"menu_order":0,"comment_status":"closed","ping_status":"closed","template":"100-width.php","meta":{"_acf_changed":false,"footnotes":""},"class_list":["post-3476","page","type-page","status-publish","hentry"],"acf":[],"_links":{"self":[{"href":"https:\/\/joules.com.co\/index.php\/wp-json\/wp\/v2\/pages\/3476","targetHints":{"allow":["GET"]}}],"collection":[{"href":"https:\/\/joules.com.co\/index.php\/wp-json\/wp\/v2\/pages"}],"about":[{"href":"https:\/\/joules.com.co\/index.php\/wp-json\/wp\/v2\/types\/page"}],"author":[{"embeddable":true,"href":"https:\/\/joules.com.co\/index.php\/wp-json\/wp\/v2\/users\/1"}],"replies":[{"embeddable":true,"href":"https:\/\/joules.com.co\/index.php\/wp-json\/wp\/v2\/comments?post=3476"}],"version-history":[{"count":23,"href":"https:\/\/joules.com.co\/index.php\/wp-json\/wp\/v2\/pages\/3476\/revisions"}],"predecessor-version":[{"id":3643,"href":"https:\/\/joules.com.co\/index.php\/wp-json\/wp\/v2\/pages\/3476\/revisions\/3643"}],"wp:attachment":[{"href":"https:\/\/joules.com.co\/index.php\/wp-json\/wp\/v2\/media?parent=3476"}],"curies":[{"name":"wp","href":"https:\/\/api.w.org\/{rel}","templated":true}]}}